{"id":386,"date":"2024-06-17T16:08:49","date_gmt":"2024-06-17T16:08:49","guid":{"rendered":"https:\/\/hotel-cotesud-saintperay.fr\/?page_id=386"},"modified":"2026-03-19T17:00:10","modified_gmt":"2026-03-19T17:00:10","slug":"mentions-legales","status":"publish","type":"page","link":"https:\/\/hotel-cote-sud.fr\/en\/mentions-legales\/","title":{"rendered":"Legal notice"},"content":{"rendered":"<p>[et_pb_section fb_built=\u00a0\u00bb1&Prime; _builder_version=\u00a0\u00bb4.25.1&Prime; _module_preset=\u00a0\u00bbdefault\u00a0\u00bb global_colors_info=\u00a0\u00bb{}\u00a0\u00bb][et_pb_row _builder_version=\u00a0\u00bb4.25.1&Prime; _module_preset=\u00a0\u00bbdefault\u00a0\u00bb global_colors_info=\u00a0\u00bb{}\u00a0\u00bb][et_pb_column type=\u00a0\u00bb4_4&Prime; _builder_version=\u00a0\u00bb4.25.1&Prime; _module_preset=\u00a0\u00bbdefault\u00a0\u00bb global_colors_info=\u00a0\u00bb{}\u00a0\u00bb][et_pb_text _builder_version=\u00a0\u00bb4.25.1&Prime; _module_preset=\u00a0\u00bbdefault\u00a0\u00bb header_2_text_color=\u00a0\u00bb#414140&Prime; global_colors_info=\u00a0\u00bb{}\u00a0\u00bb]<\/p>\n<h2>Mentions l\u00e9gales<\/h2>\n<p>[\/et_pb_text][et_pb_text _builder_version=\u00a0\u00bb4.25.1&Prime; _module_preset=\u00a0\u00bbdefault\u00a0\u00bb global_colors_info=\u00a0\u00bb{}\u00a0\u00bb]<\/p>\n<h3>1. Pr\u00e9sentation du site<\/h3>\n<p>En vertu de l\u2019article 6 de la loi n\u00b0 2004-575 du 21 juin 2004 pour la confiance dans l\u2019\u00e9conomie num\u00e9rique, il est pr\u00e9cis\u00e9 aux utilisateurs du site<span> hotel-cote-sud<\/span>.fr<span>\u00a0<\/span>l\u2019identit\u00e9 des diff\u00e9rents intervenants dans le cadre de sa r\u00e9alisation et de son suivi :<\/p>\n<p dir=\"auto\" class=\"body\"><strong>Cr\u00e9ateur<\/strong> : DIGITAL VERCORS, 6 rue Jean-Baptiste Cl\u00e9ment 26120 CHABEUIL<\/p>\n<p dir=\"auto\" class=\"body\"><span><strong>N\u00b0Siret<\/strong><\/span>: 911 647 030 00012<\/p>\n<p dir=\"auto\" class=\"body\"><strong>Capital social<\/strong> : 1 000,00 \u20ac<\/p>\n<p dir=\"auto\" class=\"body\"><strong>Propri\u00e9taire<\/strong> : G.O.S<\/p>\n<p dir=\"auto\" class=\"body\"><strong>Num\u00e9ro de Siret<\/strong> : <span>454 031 063 000 26<\/span><\/p>\n<p dir=\"auto\" class=\"body\"><strong>N\u00b0 de TVA intracommunautaire<\/strong> : FR92454031063<\/p>\n<p dir=\"auto\" class=\"body\"><strong>Capital social<\/strong> : 35 000,00 \u20ac<\/p>\n<p dir=\"auto\" class=\"body\"><strong>Responsable publication<\/strong> : Olivier GUDEFIN &#8211; hotel.cotesud@orange.fr<\/p>\n<p dir=\"auto\" class=\"body\"><strong>H\u00e9bergeur<\/strong> : HOSTINGER \u2013 International Ltd. 61 Lordou Vironos Street Larnaca 6023 Cyprus<\/p>\n<p>&nbsp;<\/p>\n<h3>2. Conditions g\u00e9n\u00e9rales d\u2019utilisation du site<\/h3>\n<p>L\u2019utilisation du site<span>\u00a0<\/span>implique l\u2019acceptation pleine et enti\u00e8re des conditions g\u00e9n\u00e9rales d\u2019utilisation ci-apr\u00e8s d\u00e9crites. Ces conditions d\u2019utilisation sont susceptibles d\u2019\u00eatre modifi\u00e9es ou compl\u00e9t\u00e9es \u00e0 tout moment, les utilisateurs du site<span>\u00a0<\/span>sont donc invit\u00e9s \u00e0 les consulter de mani\u00e8re r\u00e9guli\u00e8re.<\/p>\n<p>Ce site est normalement accessible \u00e0 tout moment aux utilisateurs. Une interruption pour raison de maintenance technique peut \u00eatre toutefois d\u00e9cid\u00e9e.<\/p>\n<p>Le site est mis \u00e0 jour r\u00e9guli\u00e8rement. De la m\u00eame fa\u00e7on, les mentions l\u00e9gales peuvent \u00eatre modifi\u00e9es \u00e0 tout moment : elles s\u2019imposent n\u00e9anmoins \u00e0 l\u2019utilisateur qui est invit\u00e9 \u00e0 s\u2019y r\u00e9f\u00e9rer le plus souvent possible afin d\u2019en prendre connaissance.<\/p>\n<h3><\/h3>\n<h3><\/h3>\n<h3>3. Description des services fournis<\/h3>\n<p>Le site<span>\u00a0<\/span>a pour objet de fournir une information concernant l\u2019ensemble des activit\u00e9s de la soci\u00e9t\u00e9.<\/p>\n<p>L\u2019\u00e9quipe s\u2019efforce de fournir sur le site des informations aussi pr\u00e9cises que possible. Toutefois, il ne pourra \u00eatre tenue responsable des omissions, des inexactitudes et des carences dans la mise \u00e0 jour, qu\u2019elles soient de son fait ou du fait des tiers partenaires qui lui fournissent ces informations.<\/p>\n<p>Tous les informations indiqu\u00e9es sur le site sont donn\u00e9es \u00e0 titre indicatif, et sont susceptibles d\u2019\u00e9voluer. Par ailleurs, les renseignements figurant sur le site ne sont pas exhaustifs. Ils sont donn\u00e9s sous r\u00e9serve de modifications ayant \u00e9t\u00e9 apport\u00e9es depuis leur mise en ligne.<\/p>\n<p>&nbsp;<\/p>\n<h3>4. Propri\u00e9t\u00e9 intellectuelle et contrefa\u00e7on<\/h3>\n<p>H\u00f4tel Cot\u00e9 Sud est propri\u00e9taire des droits de propri\u00e9t\u00e9 intellectuelle ou d\u00e9tient les droits d\u2019usage sur tous les \u00e9l\u00e9ments accessibles sur le site, notamment les textes, images, graphismes, logo, ic\u00f4nes, sons, logiciels.<\/p>\n<p>Toute reproduction, repr\u00e9sentation, modification, publication, adaptation de tout ou partie des \u00e9l\u00e9ments du site, quel que soit le moyen ou le proc\u00e9d\u00e9 utilis\u00e9, est interdite, sauf autorisation \u00e9crite pr\u00e9alable.<\/p>\n<p>Toute exploitation non autoris\u00e9e du site ou de l\u2019un quelconque des \u00e9l\u00e9ments qu\u2019il contient sera consid\u00e9r\u00e9e comme constitutive d\u2019une contrefa\u00e7on et poursuivie conform\u00e9ment aux dispositions des articles L.335-2 et suivants du Code de Propri\u00e9t\u00e9 Intellectuelle.<\/p>\n<p>&nbsp;<\/p>\n<h3>5. Limitations de responsabilit\u00e9<\/h3>\n<p>Digital Vercors Sud ne pourra \u00eatre tenue responsable des dommages directs et indirects caus\u00e9s au mat\u00e9riel de l\u2019utilisateur, lors de l\u2019acc\u00e8s au site, et r\u00e9sultant soit de l\u2019utilisation d\u2019un mat\u00e9riel ne r\u00e9pondant pas aux sp\u00e9cifications indiqu\u00e9es au point 4, soit de l\u2019apparition d\u2019un bug ou d\u2019une incompatibilit\u00e9.<\/p>\n<p>Lorsque des espaces interactifs sont \u00e0 la disposition des utilisateurs, l\u2019entreprise\u00a0 se r\u00e9serve le droit de supprimer, sans mise en demeure pr\u00e9alable, tout contenu d\u00e9pos\u00e9 dans cet espace qui contreviendrait \u00e0 la l\u00e9gislation applicable en France, en particulier aux dispositions relatives \u00e0 la protection des donn\u00e9es.<\/p>\n<p>&nbsp;<\/p>\n<h3>6. Gestion des donn\u00e9es personnelles<\/h3>\n<p>Se r\u00e9f\u00e9rer \u00e0 la politique de protection des donn\u00e9es personnelles accessible depuis la banni\u00e8re de gestion des cookies, s\u2019affichant lors la connexion au site internet.<\/p>\n<p dir=\"auto\" class=\"body\"><strong>Opposition au d\u00e9marchage t\u00e9l\u00e9phonique Bloctel<\/strong><\/p>\n<p dir=\"auto\" class=\"body\">Conform\u00e9ment \u00e0 l\u2019article L.223-2 du Code de la consommation, le consommateur a la possibilit\u00e9 de s\u2019inscrire gratuitement sur la liste d\u2019opposition au d\u00e9marchage t\u00e9l\u00e9phonique Bloctel.<\/p>\n<p>&nbsp;<\/p>\n<h3>7. Droit applicable et attribution de juridiction<\/h3>\n<p>Tout litige en relation avec l\u2019utilisation du site est soumis au droit fran\u00e7ais. Il est fait attribution exclusive de juridiction aux tribunaux comp\u00e9tents de Paris.<\/p>\n<p>&nbsp;<\/p>\n<h3>8. Les principales lois concern\u00e9es<\/h3>\n<p>Loi n\u00b0 78-17 du 6 janvier 1978, notamment modifi\u00e9e par la loi n\u00b0 2004-801 du 6 ao\u00fbt 2004 relative \u00e0 l\u2019informatique, aux fichiers et aux libert\u00e9s.<\/p>\n<p>Loi n\u00b0 2004-575 du 21 juin 2004 pour la confiance dans l\u2019\u00e9conomie num\u00e9rique.<\/p>\n<p>[\/et_pb_text][\/et_pb_column][\/et_pb_row][\/et_pb_section]<\/p>\n","protected":false},"excerpt":{"rendered":"<p>Mentions l\u00e9gales1. Pr\u00e9sentation du site En vertu de l\u2019article 6 de la loi n\u00b0 2004-575 du 21 juin 2004 pour la confiance dans l\u2019\u00e9conomie num\u00e9rique, il est pr\u00e9cis\u00e9 aux utilisateurs du site hotel-cote-sud.fr\u00a0l\u2019identit\u00e9 des diff\u00e9rents intervenants dans le cadre de sa r\u00e9alisation et de son suivi : Cr\u00e9ateur : DIGITAL VERCORS, 6 rue Jean-Baptiste Cl\u00e9ment 26120 CHABEUIL N\u00b0Siret: 911 647 030 00012 Capital social : 1 000,00 \u20ac Propri\u00e9taire : G.O.S Num\u00e9ro de Siret : 454 031 063 000 26 N\u00b0 de TVA intracommunautaire : FR92454031063 Capital social : 35 000,00 \u20ac Responsable publication : Olivier GUDEFIN &#8211; hotel.cotesud@orange.fr H\u00e9bergeur : HOSTINGER \u2013 International Ltd. 61 Lordou Vironos Street Larnaca 6023 Cyprus &nbsp; 2. Conditions g\u00e9n\u00e9rales d\u2019utilisation du site L\u2019utilisation du site\u00a0implique l\u2019acceptation pleine et enti\u00e8re des conditions g\u00e9n\u00e9rales d\u2019utilisation ci-apr\u00e8s d\u00e9crites. Ces conditions d\u2019utilisation sont susceptibles d\u2019\u00eatre modifi\u00e9es ou compl\u00e9t\u00e9es \u00e0 tout moment, les utilisateurs du site\u00a0sont donc invit\u00e9s \u00e0 les consulter de mani\u00e8re r\u00e9guli\u00e8re. Ce site est normalement accessible \u00e0 tout moment aux utilisateurs. Une interruption pour raison de maintenance technique peut \u00eatre toutefois d\u00e9cid\u00e9e. Le site est mis \u00e0 jour r\u00e9guli\u00e8rement. De la m\u00eame fa\u00e7on, les mentions l\u00e9gales peuvent \u00eatre modifi\u00e9es \u00e0 tout moment : elles s\u2019imposent [&hellip;]<\/p>\n","protected":false},"author":2,"featured_media":0,"parent":0,"menu_order":0,"comment_status":"closed","ping_status":"closed","template":"","meta":{"_et_pb_use_builder":"on","_et_pb_old_content":"","_et_gb_content_width":"","slim_seo":{"title":"Mentions l\u00e9gales - H\u00f4tel C\u00f4t\u00e9 Sud","description":"Mentions l\u00e9gales 1. Pr\u00e9sentation du site En vertu de l\u2019article 6 de la loi n\u00b0 2004-575 du 21 juin 2004 pour la confiance dans l\u2019\u00e9conomie num\u00e9rique, il est pr\u00e9ci"},"footnotes":""},"class_list":["post-386","page","type-page","status-publish","hentry"],"_links":{"self":[{"href":"https:\/\/hotel-cote-sud.fr\/en\/wp-json\/wp\/v2\/pages\/386","targetHints":{"allow":["GET"]}}],"collection":[{"href":"https:\/\/hotel-cote-sud.fr\/en\/wp-json\/wp\/v2\/pages"}],"about":[{"href":"https:\/\/hotel-cote-sud.fr\/en\/wp-json\/wp\/v2\/types\/page"}],"author":[{"embeddable":true,"href":"https:\/\/hotel-cote-sud.fr\/en\/wp-json\/wp\/v2\/users\/2"}],"replies":[{"embeddable":true,"href":"https:\/\/hotel-cote-sud.fr\/en\/wp-json\/wp\/v2\/comments?post=386"}],"version-history":[{"count":5,"href":"https:\/\/hotel-cote-sud.fr\/en\/wp-json\/wp\/v2\/pages\/386\/revisions"}],"predecessor-version":[{"id":594,"href":"https:\/\/hotel-cote-sud.fr\/en\/wp-json\/wp\/v2\/pages\/386\/revisions\/594"}],"wp:attachment":[{"href":"https:\/\/hotel-cote-sud.fr\/en\/wp-json\/wp\/v2\/media?parent=386"}],"curies":[{"name":"wp","href":"https:\/\/api.w.org\/{rel}","templated":true}]}}